{"id":106,"date":"2016-05-14T17:51:49","date_gmt":"2016-05-14T20:51:49","guid":{"rendered":"http:\/\/projetoame.org\/?page_id=106"},"modified":"2016-05-14T17:51:49","modified_gmt":"2016-05-14T20:51:49","slug":"voluntario","status":"publish","type":"page","link":"https:\/\/projetoame.org\/home\/voluntario\/","title":{"rendered":"Volunt\u00e1rio"},"content":{"rendered":"<p>Venha participar!<\/p>\n<p>Se voc\u00ea deseja ajudar na inclus\u00e3o dos nossos candidatos, preencha o formul\u00e1rio a seguir e aguarde nosso contato.<\/p>\n<p>N\u00e3o precisa ter alguma habilidade espec\u00edfica. \u00a0Se voc\u00ea acha que pode colaborar nesse projeto, ser\u00e1 muito bem vindo em nosso grupo.<\/p>\n<div id=\"usermessage2a\" class=\"cf_info \"><\/div><form enctype=\"multipart\/form-data\" action=\"\/home\/wp-json\/wp\/v2\/pages\/106#usermessage2a\" method=\"post\" class=\"cform cformsdirect voluntario \" id=\"cforms2form\"><fieldset class=\"cf-fs1\" style=\"\"><legend>VOLUNT\u00c1RIO<\/legend><ol class=\"cf-ol\"><li id=\"li-2-2\" class=\"\"><label id=\"label-2-2\" for=\"cf2_field_2\"><span>Seu Nome<\/span><\/label><input type=\"text\" name=\"cf2_field_2\" id=\"cf2_field_2\" class=\"single fldrequired\" value=\"Seu Nome\" onfocus=\"clearField(this)\" onblur=\"setField(this)\" title=\"\"\/><span class=\"reqtxt\">(obrigat\u00f3rio)<\/span><\/li><li id=\"li-2-3\" class=\"\"><label id=\"label-2-3\" for=\"cf2_field_3\"><span>Nascimento<\/span><\/label><input  type=\"date\" name=\"cf2_field_3\" id=\"cf2_field_3\" class=\"\" value=\"\" title=\"\"\/><\/li><li id=\"li-2-4\" class=\"\"><label id=\"label-2-4\" for=\"cf2_field_4\"><span>Sexo<\/span><\/label><select name=\"cf2_field_4\" id=\"cf2_field_4\" class=\"cformselect\" title=\"informe o sexo\"><option value=\"--\">--<\/option><option value=\"masculino\">Masculino<\/option><option value=\"feminino\">Feminino<\/option><\/select><\/li><li id=\"li-2-5\" class=\"\"><label id=\"label-2-5\" for=\"cf2_field_5\"><span>Email<\/span><\/label><input  type=\"email\" name=\"cf2_field_5\" id=\"cf2_field_5\" class=\"\" value=\"\" title=\"\"\/><\/li><li id=\"li-2-6\" class=\"\"><label id=\"label-2-6\" for=\"cf2_field_6\"><span>Telefone<\/span><\/label><input placeholder=\"(00) 00000-0000\" required=\"required\"  type=\"tel\" name=\"cf2_field_6\" id=\"cf2_field_6\" class=\" fldrequired\" value=\"\" title=\"\"\/><span class=\"reqtxt\">(obrigat\u00f3rio)<\/span><\/li><li id=\"li-2-7\" class=\"\"><label id=\"label-2-7\" for=\"cf_uploadfile2-7\"><span>Curriculo\/Foto<\/span><\/label><input type=\"file\" name=\"cf_uploadfile2[]\" id=\"cf_uploadfile2-7\" class=\"cf_upload upload\" title=\"\"\/><\/li><li id=\"li-2-8\" class=\"\"><label id=\"label-2-8\" for=\"cf2_field_8\"><span>Mensagem<\/span><\/label><textarea cols=\"30\" rows=\"8\" name=\"cf2_field_8\" id=\"cf2_field_8\" class=\"area\" title=\"\"><\/textarea><\/li><\/ol><\/fieldset><fieldset class=\"cf_hidden\"><legend>&nbsp;<\/legend><input type=\"hidden\" name=\"cf_working2\" id=\"cf_working2\" value=\"Um momento por favor...\"\/><input type=\"hidden\" name=\"cf_failure2\" id=\"cf_failure2\" value=\"Preencha todos os campos obrigat\u00f3rios.\"\/><input type=\"hidden\" name=\"cf_customerr2\" id=\"cf_customerr2\" value=\"y\"\/><\/fieldset><p class=\"cf-sb\"><input type=\"submit\" name=\"sendbutton2\" id=\"sendbutton2\" class=\"sendbutton\" value=\"Enviar\" \/><\/p><\/form>\n","protected":false},"excerpt":{"rendered":"<p>Venha participar! Se voc\u00ea deseja ajudar na inclus\u00e3o dos nossos candidatos, preencha o formul\u00e1rio a seguir e aguarde nosso contato. N\u00e3o precisa ter alguma habilidade espec\u00edfica. \u00a0Se voc\u00ea acha que pode colaborar nesse projeto, ser\u00e1 muito bem vindo em nosso grupo.<\/p>\n","protected":false},"author":1,"featured_media":0,"parent":0,"menu_order":0,"comment_status":"closed","ping_status":"closed","template":"","meta":{"rop_custom_images_group":[],"rop_custom_messages_group":[],"rop_publish_now":"initial","rop_publish_now_accounts":{"facebook_10207864950338537_449425221917109":"","twitter_1016740359999754241_1016740359999754241":""},"rop_publish_now_history":[],"rop_publish_now_status":"pending","_joinchat":[],"footnotes":""},"class_list":["post-106","page","type-page","status-publish","hentry"],"yoast_head":"<!-- This site is optimized with the Yoast SEO plugin v26.0 - https:\/\/yoast.com\/wordpress\/plugins\/seo\/ -->\n<title>Volunt\u00e1rio - Projeto A. M. E.<\/title>\n<meta name=\"robots\" content=\"index, follow, max-snippet:-1, max-image-preview:large, max-video-preview:-1\" \/>\n<link rel=\"canonical\" href=\"https:\/\/projetoame.org\/home\/voluntario\/\" \/>\n<meta property=\"og:locale\" content=\"pt_BR\" \/>\n<meta property=\"og:type\" content=\"article\" \/>\n<meta property=\"og:title\" content=\"Volunt\u00e1rio - Projeto A. M. E.\" \/>\n<meta property=\"og:description\" content=\"Venha participar! Se voc\u00ea deseja ajudar na inclus\u00e3o dos nossos candidatos, preencha o formul\u00e1rio a seguir e aguarde nosso contato. N\u00e3o precisa ter alguma habilidade espec\u00edfica. \u00a0Se voc\u00ea acha que pode colaborar nesse projeto, ser\u00e1 muito bem vindo em nosso grupo.\" \/>\n<meta property=\"og:url\" content=\"https:\/\/projetoame.org\/home\/voluntario\/\" \/>\n<meta property=\"og:site_name\" content=\"Projeto A. M. E.\" \/>\n<meta property=\"article:publisher\" content=\"https:\/\/www.facebook.com\/projetoatendentesmuitoespeciais\" \/>\n<meta name=\"twitter:card\" content=\"summary_large_image\" \/>\n<meta name=\"twitter:site\" content=\"@projetoameorg\" \/>\n<script type=\"application\/ld+json\" class=\"yoast-schema-graph\">{\"@context\":\"https:\/\/schema.org\",\"@graph\":[{\"@type\":\"WebPage\",\"@id\":\"https:\/\/projetoame.org\/home\/voluntario\/\",\"url\":\"https:\/\/projetoame.org\/home\/voluntario\/\",\"name\":\"Volunt\u00e1rio - Projeto A. M. E.\",\"isPartOf\":{\"@id\":\"https:\/\/projetoame.org\/home\/#website\"},\"datePublished\":\"2016-05-14T20:51:49+00:00\",\"breadcrumb\":{\"@id\":\"https:\/\/projetoame.org\/home\/voluntario\/#breadcrumb\"},\"inLanguage\":\"pt-BR\",\"potentialAction\":[{\"@type\":\"ReadAction\",\"target\":[\"https:\/\/projetoame.org\/home\/voluntario\/\"]}]},{\"@type\":\"BreadcrumbList\",\"@id\":\"https:\/\/projetoame.org\/home\/voluntario\/#breadcrumb\",\"itemListElement\":[{\"@type\":\"ListItem\",\"position\":1,\"name\":\"In\u00edcio\",\"item\":\"https:\/\/projetoame.org\/home\/\"},{\"@type\":\"ListItem\",\"position\":2,\"name\":\"Volunt\u00e1rio\"}]},{\"@type\":\"WebSite\",\"@id\":\"https:\/\/projetoame.org\/home\/#website\",\"url\":\"https:\/\/projetoame.org\/home\/\",\"name\":\"Projeto A. M. E.\",\"description\":\"Inclus\u00e3o social atrav\u00e9s da capacita\u00e7\u00e3o para o trabalho\",\"publisher\":{\"@id\":\"https:\/\/projetoame.org\/home\/#organization\"},\"potentialAction\":[{\"@type\":\"SearchAction\",\"target\":{\"@type\":\"EntryPoint\",\"urlTemplate\":\"https:\/\/projetoame.org\/home\/?s={search_term_string}\"},\"query-input\":{\"@type\":\"PropertyValueSpecification\",\"valueRequired\":true,\"valueName\":\"search_term_string\"}}],\"inLanguage\":\"pt-BR\"},{\"@type\":\"Organization\",\"@id\":\"https:\/\/projetoame.org\/home\/#organization\",\"name\":\"Projeto A. M. E.\",\"url\":\"https:\/\/projetoame.org\/home\/\",\"logo\":{\"@type\":\"ImageObject\",\"inLanguage\":\"pt-BR\",\"@id\":\"https:\/\/projetoame.org\/home\/#\/schema\/logo\/image\/\",\"url\":\"https:\/\/projetoame.org\/home\/wp-content\/uploads\/2022\/05\/cropped-logoAME160-marca.png\",\"contentUrl\":\"https:\/\/projetoame.org\/home\/wp-content\/uploads\/2022\/05\/cropped-logoAME160-marca.png\",\"width\":162,\"height\":50,\"caption\":\"Projeto A. M. E.\"},\"image\":{\"@id\":\"https:\/\/projetoame.org\/home\/#\/schema\/logo\/image\/\"},\"sameAs\":[\"https:\/\/www.facebook.com\/projetoatendentesmuitoespeciais\",\"https:\/\/x.com\/projetoameorg\"]}]}<\/script>\n<!-- \/ Yoast SEO plugin. -->","yoast_head_json":{"title":"Volunt\u00e1rio - Projeto A. M. E.","robots":{"index":"index","follow":"follow","max-snippet":"max-snippet:-1","max-image-preview":"max-image-preview:large","max-video-preview":"max-video-preview:-1"},"canonical":"https:\/\/projetoame.org\/home\/voluntario\/","og_locale":"pt_BR","og_type":"article","og_title":"Volunt\u00e1rio - Projeto A. M. E.","og_description":"Venha participar! Se voc\u00ea deseja ajudar na inclus\u00e3o dos nossos candidatos, preencha o formul\u00e1rio a seguir e aguarde nosso contato. N\u00e3o precisa ter alguma habilidade espec\u00edfica. \u00a0Se voc\u00ea acha que pode colaborar nesse projeto, ser\u00e1 muito bem vindo em nosso grupo.","og_url":"https:\/\/projetoame.org\/home\/voluntario\/","og_site_name":"Projeto A. M. E.","article_publisher":"https:\/\/www.facebook.com\/projetoatendentesmuitoespeciais","twitter_card":"summary_large_image","twitter_site":"@projetoameorg","schema":{"@context":"https:\/\/schema.org","@graph":[{"@type":"WebPage","@id":"https:\/\/projetoame.org\/home\/voluntario\/","url":"https:\/\/projetoame.org\/home\/voluntario\/","name":"Volunt\u00e1rio - Projeto A. M. E.","isPartOf":{"@id":"https:\/\/projetoame.org\/home\/#website"},"datePublished":"2016-05-14T20:51:49+00:00","breadcrumb":{"@id":"https:\/\/projetoame.org\/home\/voluntario\/#breadcrumb"},"inLanguage":"pt-BR","potentialAction":[{"@type":"ReadAction","target":["https:\/\/projetoame.org\/home\/voluntario\/"]}]},{"@type":"BreadcrumbList","@id":"https:\/\/projetoame.org\/home\/voluntario\/#breadcrumb","itemListElement":[{"@type":"ListItem","position":1,"name":"In\u00edcio","item":"https:\/\/projetoame.org\/home\/"},{"@type":"ListItem","position":2,"name":"Volunt\u00e1rio"}]},{"@type":"WebSite","@id":"https:\/\/projetoame.org\/home\/#website","url":"https:\/\/projetoame.org\/home\/","name":"Projeto A. M. E.","description":"Inclus\u00e3o social atrav\u00e9s da capacita\u00e7\u00e3o para o trabalho","publisher":{"@id":"https:\/\/projetoame.org\/home\/#organization"},"potentialAction":[{"@type":"SearchAction","target":{"@type":"EntryPoint","urlTemplate":"https:\/\/projetoame.org\/home\/?s={search_term_string}"},"query-input":{"@type":"PropertyValueSpecification","valueRequired":true,"valueName":"search_term_string"}}],"inLanguage":"pt-BR"},{"@type":"Organization","@id":"https:\/\/projetoame.org\/home\/#organization","name":"Projeto A. M. E.","url":"https:\/\/projetoame.org\/home\/","logo":{"@type":"ImageObject","inLanguage":"pt-BR","@id":"https:\/\/projetoame.org\/home\/#\/schema\/logo\/image\/","url":"https:\/\/projetoame.org\/home\/wp-content\/uploads\/2022\/05\/cropped-logoAME160-marca.png","contentUrl":"https:\/\/projetoame.org\/home\/wp-content\/uploads\/2022\/05\/cropped-logoAME160-marca.png","width":162,"height":50,"caption":"Projeto A. M. E."},"image":{"@id":"https:\/\/projetoame.org\/home\/#\/schema\/logo\/image\/"},"sameAs":["https:\/\/www.facebook.com\/projetoatendentesmuitoespeciais","https:\/\/x.com\/projetoameorg"]}]}},"_links":{"self":[{"href":"https:\/\/projetoame.org\/home\/wp-json\/wp\/v2\/pages\/106","targetHints":{"allow":["GET"]}}],"collection":[{"href":"https:\/\/projetoame.org\/home\/wp-json\/wp\/v2\/pages"}],"about":[{"href":"https:\/\/projetoame.org\/home\/wp-json\/wp\/v2\/types\/page"}],"author":[{"embeddable":true,"href":"https:\/\/projetoame.org\/home\/wp-json\/wp\/v2\/users\/1"}],"replies":[{"embeddable":true,"href":"https:\/\/projetoame.org\/home\/wp-json\/wp\/v2\/comments?post=106"}],"version-history":[{"count":0,"href":"https:\/\/projetoame.org\/home\/wp-json\/wp\/v2\/pages\/106\/revisions"}],"wp:attachment":[{"href":"https:\/\/projetoame.org\/home\/wp-json\/wp\/v2\/media?parent=106"}],"curies":[{"name":"wp","href":"https:\/\/api.w.org\/{rel}","templated":true}]}}