{"id":108,"date":"2016-05-14T17:56:43","date_gmt":"2016-05-14T20:56:43","guid":{"rendered":"http:\/\/projetoame.org\/?page_id=108"},"modified":"2022-07-17T16:23:40","modified_gmt":"2022-07-17T19:23:40","slug":"inscricao","status":"publish","type":"page","link":"https:\/\/projetoame.org\/home\/inscricao\/","title":{"rendered":"Inscreva-se"},"content":{"rendered":"<p>Se voc\u00ea \u00e9 respons\u00e1vel por algu\u00e9m com <strong>s\u00edndrome de down<\/strong> e quer inscrev\u00ea-lo&nbsp;no projeto, para que receba treinamento espec\u00edfico para trabalhar em eventos e ser encaminhado para empresas que contratam profissionais para esse fim, preencha o formul\u00e1rio abaixo.<\/p>\n<p>\u00c9 necess\u00e1rio que o&nbsp;respons\u00e1vel seja cadastrado junto com o candidato.<\/p>\n<p>Os candidatos ser\u00e3o contatados e passar\u00e3o por uma triagem para verificar as particularidades e aptid\u00f5es de cada um para um melhor aproveitamento no projeto.<\/p>\n<form enctype=\"multipart\/form-data\" action=\"\/home\/wp-json\/wp\/v2\/pages\/108#usermessageb\" method=\"post\" class=\"cform cformsdirect candidatos \" id=\"cformsform\"><fieldset class=\"cf-fs1\" style=\"\"><legend>ATENDENTE<\/legend><ol class=\"cf-ol\"><li id=\"li--2\" class=\"\"><label id=\"label--2\" for=\"cf_field_2\"><span>Seu Nome<\/span><\/label><input type=\"text\" name=\"cf_field_2\" id=\"cf_field_2\" class=\"single fldrequired\" value=\"Seu Nome\" onfocus=\"clearField(this)\" onblur=\"setField(this)\" title=\"\"\/><span class=\"reqtxt\">(obrigat\u00f3rio)<\/span><\/li><li id=\"li--3\" class=\"\"><label id=\"label--3\" for=\"cf_field_3\"><span>Nascimento<\/span><\/label><input  type=\"date\" name=\"cf_field_3\" id=\"cf_field_3\" class=\"\" value=\"\" title=\"\"\/><\/li><li id=\"li--4\" class=\"\"><label id=\"label--4\" for=\"cf_field_4\"><span>Sexo<\/span><\/label><select name=\"cf_field_4\" id=\"cf_field_4\" class=\"cformselect\" title=\"informe o sexo\"><option value=\"--\">--<\/option><option value=\"masculino\">Masculino<\/option><option value=\"feminino\">Feminino<\/option><\/select><\/li><li id=\"li--5\" class=\"\"><label id=\"label--5\" for=\"cf_field_5\"><span>Email<\/span><\/label><input  type=\"email\" name=\"cf_field_5\" id=\"cf_field_5\" class=\" fldemail\" value=\"\" title=\"\"\/><span class=\"emailreqtxt\">(email v\u00e1lido obrigat\u00f3rio)<\/span><\/li><li id=\"li--6\" class=\"\"><label id=\"label--6\" for=\"cf_field_6\"><span>Telefone<\/span><\/label><input placeholder=\"(00) 00000-0000\" required=\"required\"  type=\"tel\" name=\"cf_field_6\" id=\"cf_field_6\" class=\" fldrequired\" value=\"\" title=\"\"\/><span class=\"reqtxt\">(obrigat\u00f3rio)<\/span><\/li><li id=\"li--7\" class=\"\"><label id=\"label--7\" for=\"cf_field_7\"><span>Respons\u00e1vel<\/span><\/label><input type=\"text\" name=\"cf_field_7\" id=\"cf_field_7\" class=\"single fldrequired\" value=\"\" title=\"nome do respons\u00e1vel\"\/><span class=\"reqtxt\">(obrigat\u00f3rio)<\/span><\/li><li id=\"li--8\" class=\"\"><label id=\"label--8\" for=\"cf_uploadfile-8\"><span>Curriculo<\/span><\/label><input type=\"file\" name=\"cf_uploadfile[]\" id=\"cf_uploadfile-8\" class=\"cf_upload upload\" title=\"\"\/><\/li><\/ol><\/fieldset><ol class=\"cf-ol\"><li id=\"li--10\" class=\"\"><label id=\"label--10\" for=\"cf_field_10\"><span>Novo campo<\/span><\/label><input type=\"text\" name=\"cf_field_10\" id=\"cf_field_10\" class=\"single\" value=\"\" title=\"\"\/><\/li><\/ol><fieldset class=\"cf_hidden\"><legend>&nbsp;<\/legend><input type=\"hidden\" name=\"cf_working\" id=\"cf_working\" value=\"Um momento por favor...\"\/><input type=\"hidden\" name=\"cf_failure\" id=\"cf_failure\" value=\"Preencha todos os campos obrigat\u00f3rios.\"\/><input type=\"hidden\" name=\"cf_customerr\" id=\"cf_customerr\" value=\"y\"\/><\/fieldset><p class=\"cf-sb\"><input type=\"submit\" name=\"sendbutton\" id=\"sendbutton\" class=\"sendbutton\" value=\"Enviar\" \/><\/p><\/form><div id=\"usermessageb\" class=\"cf_info \" ><\/div>\n","protected":false},"excerpt":{"rendered":"<p>Se voc\u00ea \u00e9 respons\u00e1vel por algu\u00e9m com s\u00edndrome de down e quer inscrev\u00ea-lo&nbsp;no projeto, para que receba treinamento espec\u00edfico para trabalhar em eventos e ser encaminhado para empresas que contratam profissionais para esse fim, preencha o formul\u00e1rio abaixo. \u00c9 necess\u00e1rio que o&nbsp;respons\u00e1vel seja cadastrado junto com o candidato. Os candidatos ser\u00e3o contatados e passar\u00e3o por&hellip;<\/p>\n","protected":false},"author":1,"featured_media":0,"parent":0,"menu_order":0,"comment_status":"closed","ping_status":"closed","template":"","meta":{"rop_custom_images_group":[],"rop_custom_messages_group":[],"rop_publish_now":"initial","rop_publish_now_accounts":{"facebook_10207864950338537_449425221917109":"","twitter_1016740359999754241_1016740359999754241":""},"rop_publish_now_history":[],"rop_publish_now_status":"pending","_joinchat":[],"footnotes":""},"class_list":["post-108","page","type-page","status-publish","hentry"],"yoast_head":"<!-- This site is optimized with the Yoast SEO plugin v26.0 - https:\/\/yoast.com\/wordpress\/plugins\/seo\/ -->\n<title>Inscreva-se - Projeto A. M. E.<\/title>\n<meta name=\"robots\" content=\"index, follow, max-snippet:-1, max-image-preview:large, max-video-preview:-1\" \/>\n<link rel=\"canonical\" href=\"https:\/\/projetoame.org\/home\/inscricao\/\" \/>\n<meta property=\"og:locale\" content=\"pt_BR\" \/>\n<meta property=\"og:type\" content=\"article\" \/>\n<meta property=\"og:title\" content=\"Inscreva-se - Projeto A. M. E.\" \/>\n<meta property=\"og:description\" content=\"Se voc\u00ea \u00e9 respons\u00e1vel por algu\u00e9m com s\u00edndrome de down e quer inscrev\u00ea-lo&nbsp;no projeto, para que receba treinamento espec\u00edfico para trabalhar em eventos e ser encaminhado para empresas que contratam profissionais para esse fim, preencha o formul\u00e1rio abaixo. \u00c9 necess\u00e1rio que o&nbsp;respons\u00e1vel seja cadastrado junto com o candidato. Os candidatos ser\u00e3o contatados e passar\u00e3o por&hellip;\" \/>\n<meta property=\"og:url\" content=\"https:\/\/projetoame.org\/home\/inscricao\/\" \/>\n<meta property=\"og:site_name\" content=\"Projeto A. M. E.\" \/>\n<meta property=\"article:publisher\" content=\"https:\/\/www.facebook.com\/projetoatendentesmuitoespeciais\" \/>\n<meta property=\"article:modified_time\" content=\"2022-07-17T19:23:40+00:00\" \/>\n<meta name=\"twitter:card\" content=\"summary_large_image\" \/>\n<meta name=\"twitter:site\" content=\"@projetoameorg\" \/>\n<meta name=\"twitter:label1\" content=\"Est. tempo de leitura\" \/>\n\t<meta name=\"twitter:data1\" content=\"1 minuto\" \/>\n<script type=\"application\/ld+json\" class=\"yoast-schema-graph\">{\"@context\":\"https:\/\/schema.org\",\"@graph\":[{\"@type\":\"WebPage\",\"@id\":\"https:\/\/projetoame.org\/home\/inscricao\/\",\"url\":\"https:\/\/projetoame.org\/home\/inscricao\/\",\"name\":\"Inscreva-se - Projeto A. M. E.\",\"isPartOf\":{\"@id\":\"https:\/\/projetoame.org\/home\/#website\"},\"datePublished\":\"2016-05-14T20:56:43+00:00\",\"dateModified\":\"2022-07-17T19:23:40+00:00\",\"breadcrumb\":{\"@id\":\"https:\/\/projetoame.org\/home\/inscricao\/#breadcrumb\"},\"inLanguage\":\"pt-BR\",\"potentialAction\":[{\"@type\":\"ReadAction\",\"target\":[\"https:\/\/projetoame.org\/home\/inscricao\/\"]}]},{\"@type\":\"BreadcrumbList\",\"@id\":\"https:\/\/projetoame.org\/home\/inscricao\/#breadcrumb\",\"itemListElement\":[{\"@type\":\"ListItem\",\"position\":1,\"name\":\"In\u00edcio\",\"item\":\"https:\/\/projetoame.org\/home\/\"},{\"@type\":\"ListItem\",\"position\":2,\"name\":\"Inscreva-se\"}]},{\"@type\":\"WebSite\",\"@id\":\"https:\/\/projetoame.org\/home\/#website\",\"url\":\"https:\/\/projetoame.org\/home\/\",\"name\":\"Projeto A. M. E.\",\"description\":\"Inclus\u00e3o social atrav\u00e9s da capacita\u00e7\u00e3o para o trabalho\",\"publisher\":{\"@id\":\"https:\/\/projetoame.org\/home\/#organization\"},\"potentialAction\":[{\"@type\":\"SearchAction\",\"target\":{\"@type\":\"EntryPoint\",\"urlTemplate\":\"https:\/\/projetoame.org\/home\/?s={search_term_string}\"},\"query-input\":{\"@type\":\"PropertyValueSpecification\",\"valueRequired\":true,\"valueName\":\"search_term_string\"}}],\"inLanguage\":\"pt-BR\"},{\"@type\":\"Organization\",\"@id\":\"https:\/\/projetoame.org\/home\/#organization\",\"name\":\"Projeto A. M. E.\",\"url\":\"https:\/\/projetoame.org\/home\/\",\"logo\":{\"@type\":\"ImageObject\",\"inLanguage\":\"pt-BR\",\"@id\":\"https:\/\/projetoame.org\/home\/#\/schema\/logo\/image\/\",\"url\":\"https:\/\/projetoame.org\/home\/wp-content\/uploads\/2022\/05\/cropped-logoAME160-marca.png\",\"contentUrl\":\"https:\/\/projetoame.org\/home\/wp-content\/uploads\/2022\/05\/cropped-logoAME160-marca.png\",\"width\":162,\"height\":50,\"caption\":\"Projeto A. M. E.\"},\"image\":{\"@id\":\"https:\/\/projetoame.org\/home\/#\/schema\/logo\/image\/\"},\"sameAs\":[\"https:\/\/www.facebook.com\/projetoatendentesmuitoespeciais\",\"https:\/\/x.com\/projetoameorg\"]}]}<\/script>\n<!-- \/ Yoast SEO plugin. -->","yoast_head_json":{"title":"Inscreva-se - Projeto A. M. E.","robots":{"index":"index","follow":"follow","max-snippet":"max-snippet:-1","max-image-preview":"max-image-preview:large","max-video-preview":"max-video-preview:-1"},"canonical":"https:\/\/projetoame.org\/home\/inscricao\/","og_locale":"pt_BR","og_type":"article","og_title":"Inscreva-se - Projeto A. M. E.","og_description":"Se voc\u00ea \u00e9 respons\u00e1vel por algu\u00e9m com s\u00edndrome de down e quer inscrev\u00ea-lo&nbsp;no projeto, para que receba treinamento espec\u00edfico para trabalhar em eventos e ser encaminhado para empresas que contratam profissionais para esse fim, preencha o formul\u00e1rio abaixo. \u00c9 necess\u00e1rio que o&nbsp;respons\u00e1vel seja cadastrado junto com o candidato. Os candidatos ser\u00e3o contatados e passar\u00e3o por&hellip;","og_url":"https:\/\/projetoame.org\/home\/inscricao\/","og_site_name":"Projeto A. M. E.","article_publisher":"https:\/\/www.facebook.com\/projetoatendentesmuitoespeciais","article_modified_time":"2022-07-17T19:23:40+00:00","twitter_card":"summary_large_image","twitter_site":"@projetoameorg","twitter_misc":{"Est. tempo de leitura":"1 minuto"},"schema":{"@context":"https:\/\/schema.org","@graph":[{"@type":"WebPage","@id":"https:\/\/projetoame.org\/home\/inscricao\/","url":"https:\/\/projetoame.org\/home\/inscricao\/","name":"Inscreva-se - Projeto A. M. E.","isPartOf":{"@id":"https:\/\/projetoame.org\/home\/#website"},"datePublished":"2016-05-14T20:56:43+00:00","dateModified":"2022-07-17T19:23:40+00:00","breadcrumb":{"@id":"https:\/\/projetoame.org\/home\/inscricao\/#breadcrumb"},"inLanguage":"pt-BR","potentialAction":[{"@type":"ReadAction","target":["https:\/\/projetoame.org\/home\/inscricao\/"]}]},{"@type":"BreadcrumbList","@id":"https:\/\/projetoame.org\/home\/inscricao\/#breadcrumb","itemListElement":[{"@type":"ListItem","position":1,"name":"In\u00edcio","item":"https:\/\/projetoame.org\/home\/"},{"@type":"ListItem","position":2,"name":"Inscreva-se"}]},{"@type":"WebSite","@id":"https:\/\/projetoame.org\/home\/#website","url":"https:\/\/projetoame.org\/home\/","name":"Projeto A. M. E.","description":"Inclus\u00e3o social atrav\u00e9s da capacita\u00e7\u00e3o para o trabalho","publisher":{"@id":"https:\/\/projetoame.org\/home\/#organization"},"potentialAction":[{"@type":"SearchAction","target":{"@type":"EntryPoint","urlTemplate":"https:\/\/projetoame.org\/home\/?s={search_term_string}"},"query-input":{"@type":"PropertyValueSpecification","valueRequired":true,"valueName":"search_term_string"}}],"inLanguage":"pt-BR"},{"@type":"Organization","@id":"https:\/\/projetoame.org\/home\/#organization","name":"Projeto A. M. E.","url":"https:\/\/projetoame.org\/home\/","logo":{"@type":"ImageObject","inLanguage":"pt-BR","@id":"https:\/\/projetoame.org\/home\/#\/schema\/logo\/image\/","url":"https:\/\/projetoame.org\/home\/wp-content\/uploads\/2022\/05\/cropped-logoAME160-marca.png","contentUrl":"https:\/\/projetoame.org\/home\/wp-content\/uploads\/2022\/05\/cropped-logoAME160-marca.png","width":162,"height":50,"caption":"Projeto A. M. E."},"image":{"@id":"https:\/\/projetoame.org\/home\/#\/schema\/logo\/image\/"},"sameAs":["https:\/\/www.facebook.com\/projetoatendentesmuitoespeciais","https:\/\/x.com\/projetoameorg"]}]}},"_links":{"self":[{"href":"https:\/\/projetoame.org\/home\/wp-json\/wp\/v2\/pages\/108","targetHints":{"allow":["GET"]}}],"collection":[{"href":"https:\/\/projetoame.org\/home\/wp-json\/wp\/v2\/pages"}],"about":[{"href":"https:\/\/projetoame.org\/home\/wp-json\/wp\/v2\/types\/page"}],"author":[{"embeddable":true,"href":"https:\/\/projetoame.org\/home\/wp-json\/wp\/v2\/users\/1"}],"replies":[{"embeddable":true,"href":"https:\/\/projetoame.org\/home\/wp-json\/wp\/v2\/comments?post=108"}],"version-history":[{"count":10,"href":"https:\/\/projetoame.org\/home\/wp-json\/wp\/v2\/pages\/108\/revisions"}],"predecessor-version":[{"id":1282,"href":"https:\/\/projetoame.org\/home\/wp-json\/wp\/v2\/pages\/108\/revisions\/1282"}],"wp:attachment":[{"href":"https:\/\/projetoame.org\/home\/wp-json\/wp\/v2\/media?parent=108"}],"curies":[{"name":"wp","href":"https:\/\/api.w.org\/{rel}","templated":true}]}}