{"id":1154,"date":"2021-03-15T22:57:16","date_gmt":"2021-03-16T01:57:16","guid":{"rendered":"https:\/\/projetoame.org\/minha-conta\/"},"modified":"2021-03-15T22:57:16","modified_gmt":"2021-03-16T01:57:16","slug":"minha-conta","status":"publish","type":"page","link":"https:\/\/projetoame.org\/home\/minha-conta\/","title":{"rendered":"Minha conta"},"content":{"rendered":"[woocommerce_my_account]\n","protected":false},"excerpt":{"rendered":"","protected":false},"author":1,"featured_media":0,"parent":0,"menu_order":0,"comment_status":"closed","ping_status":"closed","template":"","meta":{"rop_custom_images_group":[],"rop_custom_messages_group":[],"rop_publish_now":"initial","rop_publish_now_accounts":{"facebook_10207864950338537_449425221917109":"","twitter_1016740359999754241_1016740359999754241":""},"rop_publish_now_history":[],"rop_publish_now_status":"pending","_joinchat":[],"footnotes":""},"class_list":["post-1154","page","type-page","status-publish","hentry"],"yoast_head":"<!-- This site is optimized with the Yoast SEO plugin v26.0 - https:\/\/yoast.com\/wordpress\/plugins\/seo\/ -->\n<title>Minha conta - Projeto A. M. E.<\/title>\n<meta name=\"robots\" content=\"index, follow, max-snippet:-1, max-image-preview:large, max-video-preview:-1\" \/>\n<link rel=\"canonical\" href=\"https:\/\/projetoame.org\/home\/minha-conta\/\" \/>\n<meta property=\"og:locale\" content=\"pt_BR\" \/>\n<meta property=\"og:type\" content=\"article\" \/>\n<meta property=\"og:title\" content=\"Minha conta - Projeto A. M. E.\" \/>\n<meta property=\"og:url\" content=\"https:\/\/projetoame.org\/home\/minha-conta\/\" \/>\n<meta property=\"og:site_name\" content=\"Projeto A. M. E.\" \/>\n<meta property=\"article:publisher\" content=\"https:\/\/www.facebook.com\/projetoatendentesmuitoespeciais\" \/>\n<meta name=\"twitter:card\" content=\"summary_large_image\" \/>\n<meta name=\"twitter:site\" content=\"@projetoameorg\" \/>\n<script type=\"application\/ld+json\" class=\"yoast-schema-graph\">{\"@context\":\"https:\/\/schema.org\",\"@graph\":[{\"@type\":\"WebPage\",\"@id\":\"https:\/\/projetoame.org\/home\/minha-conta\/\",\"url\":\"https:\/\/projetoame.org\/home\/minha-conta\/\",\"name\":\"Minha conta - Projeto A. M. E.\",\"isPartOf\":{\"@id\":\"https:\/\/projetoame.org\/home\/#website\"},\"datePublished\":\"2021-03-16T01:57:16+00:00\",\"breadcrumb\":{\"@id\":\"https:\/\/projetoame.org\/home\/minha-conta\/#breadcrumb\"},\"inLanguage\":\"pt-BR\",\"potentialAction\":[{\"@type\":\"ReadAction\",\"target\":[\"https:\/\/projetoame.org\/home\/minha-conta\/\"]}]},{\"@type\":\"BreadcrumbList\",\"@id\":\"https:\/\/projetoame.org\/home\/minha-conta\/#breadcrumb\",\"itemListElement\":[{\"@type\":\"ListItem\",\"position\":1,\"name\":\"In\u00edcio\",\"item\":\"https:\/\/projetoame.org\/home\/\"},{\"@type\":\"ListItem\",\"position\":2,\"name\":\"Minha conta\"}]},{\"@type\":\"WebSite\",\"@id\":\"https:\/\/projetoame.org\/home\/#website\",\"url\":\"https:\/\/projetoame.org\/home\/\",\"name\":\"Projeto A. M. E.\",\"description\":\"Inclus\u00e3o social atrav\u00e9s da capacita\u00e7\u00e3o para o trabalho\",\"publisher\":{\"@id\":\"https:\/\/projetoame.org\/home\/#organization\"},\"potentialAction\":[{\"@type\":\"SearchAction\",\"target\":{\"@type\":\"EntryPoint\",\"urlTemplate\":\"https:\/\/projetoame.org\/home\/?s={search_term_string}\"},\"query-input\":{\"@type\":\"PropertyValueSpecification\",\"valueRequired\":true,\"valueName\":\"search_term_string\"}}],\"inLanguage\":\"pt-BR\"},{\"@type\":\"Organization\",\"@id\":\"https:\/\/projetoame.org\/home\/#organization\",\"name\":\"Projeto A. M. E.\",\"url\":\"https:\/\/projetoame.org\/home\/\",\"logo\":{\"@type\":\"ImageObject\",\"inLanguage\":\"pt-BR\",\"@id\":\"https:\/\/projetoame.org\/home\/#\/schema\/logo\/image\/\",\"url\":\"https:\/\/projetoame.org\/home\/wp-content\/uploads\/2022\/05\/cropped-logoAME160-marca.png\",\"contentUrl\":\"https:\/\/projetoame.org\/home\/wp-content\/uploads\/2022\/05\/cropped-logoAME160-marca.png\",\"width\":162,\"height\":50,\"caption\":\"Projeto A. M. E.\"},\"image\":{\"@id\":\"https:\/\/projetoame.org\/home\/#\/schema\/logo\/image\/\"},\"sameAs\":[\"https:\/\/www.facebook.com\/projetoatendentesmuitoespeciais\",\"https:\/\/x.com\/projetoameorg\"]}]}<\/script>\n<!-- \/ Yoast SEO plugin. -->","yoast_head_json":{"title":"Minha conta - Projeto A. M. E.","robots":{"index":"index","follow":"follow","max-snippet":"max-snippet:-1","max-image-preview":"max-image-preview:large","max-video-preview":"max-video-preview:-1"},"canonical":"https:\/\/projetoame.org\/home\/minha-conta\/","og_locale":"pt_BR","og_type":"article","og_title":"Minha conta - Projeto A. M. E.","og_url":"https:\/\/projetoame.org\/home\/minha-conta\/","og_site_name":"Projeto A. M. E.","article_publisher":"https:\/\/www.facebook.com\/projetoatendentesmuitoespeciais","twitter_card":"summary_large_image","twitter_site":"@projetoameorg","schema":{"@context":"https:\/\/schema.org","@graph":[{"@type":"WebPage","@id":"https:\/\/projetoame.org\/home\/minha-conta\/","url":"https:\/\/projetoame.org\/home\/minha-conta\/","name":"Minha conta - Projeto A. M. E.","isPartOf":{"@id":"https:\/\/projetoame.org\/home\/#website"},"datePublished":"2021-03-16T01:57:16+00:00","breadcrumb":{"@id":"https:\/\/projetoame.org\/home\/minha-conta\/#breadcrumb"},"inLanguage":"pt-BR","potentialAction":[{"@type":"ReadAction","target":["https:\/\/projetoame.org\/home\/minha-conta\/"]}]},{"@type":"BreadcrumbList","@id":"https:\/\/projetoame.org\/home\/minha-conta\/#breadcrumb","itemListElement":[{"@type":"ListItem","position":1,"name":"In\u00edcio","item":"https:\/\/projetoame.org\/home\/"},{"@type":"ListItem","position":2,"name":"Minha conta"}]},{"@type":"WebSite","@id":"https:\/\/projetoame.org\/home\/#website","url":"https:\/\/projetoame.org\/home\/","name":"Projeto A. M. E.","description":"Inclus\u00e3o social atrav\u00e9s da capacita\u00e7\u00e3o para o trabalho","publisher":{"@id":"https:\/\/projetoame.org\/home\/#organization"},"potentialAction":[{"@type":"SearchAction","target":{"@type":"EntryPoint","urlTemplate":"https:\/\/projetoame.org\/home\/?s={search_term_string}"},"query-input":{"@type":"PropertyValueSpecification","valueRequired":true,"valueName":"search_term_string"}}],"inLanguage":"pt-BR"},{"@type":"Organization","@id":"https:\/\/projetoame.org\/home\/#organization","name":"Projeto A. M. E.","url":"https:\/\/projetoame.org\/home\/","logo":{"@type":"ImageObject","inLanguage":"pt-BR","@id":"https:\/\/projetoame.org\/home\/#\/schema\/logo\/image\/","url":"https:\/\/projetoame.org\/home\/wp-content\/uploads\/2022\/05\/cropped-logoAME160-marca.png","contentUrl":"https:\/\/projetoame.org\/home\/wp-content\/uploads\/2022\/05\/cropped-logoAME160-marca.png","width":162,"height":50,"caption":"Projeto A. M. E."},"image":{"@id":"https:\/\/projetoame.org\/home\/#\/schema\/logo\/image\/"},"sameAs":["https:\/\/www.facebook.com\/projetoatendentesmuitoespeciais","https:\/\/x.com\/projetoameorg"]}]}},"_links":{"self":[{"href":"https:\/\/projetoame.org\/home\/wp-json\/wp\/v2\/pages\/1154","targetHints":{"allow":["GET"]}}],"collection":[{"href":"https:\/\/projetoame.org\/home\/wp-json\/wp\/v2\/pages"}],"about":[{"href":"https:\/\/projetoame.org\/home\/wp-json\/wp\/v2\/types\/page"}],"author":[{"embeddable":true,"href":"https:\/\/projetoame.org\/home\/wp-json\/wp\/v2\/users\/1"}],"replies":[{"embeddable":true,"href":"https:\/\/projetoame.org\/home\/wp-json\/wp\/v2\/comments?post=1154"}],"version-history":[{"count":0,"href":"https:\/\/projetoame.org\/home\/wp-json\/wp\/v2\/pages\/1154\/revisions"}],"wp:attachment":[{"href":"https:\/\/projetoame.org\/home\/wp-json\/wp\/v2\/media?parent=1154"}],"curies":[{"name":"wp","href":"https:\/\/api.w.org\/{rel}","templated":true}]}}