{"id":296,"date":"2016-09-27T21:59:10","date_gmt":"2016-09-28T00:59:10","guid":{"rendered":"http:\/\/projetoame.org\/?page_id=296"},"modified":"2018-11-20T15:11:15","modified_gmt":"2018-11-20T18:11:15","slug":"parceria","status":"publish","type":"page","link":"https:\/\/projetoame.org\/home\/parceria\/","title":{"rendered":"Parceria"},"content":{"rendered":"<p>Caso sua empresa queira ajudar nosso Projeto, preencha o formul\u00e1rio abaixo e envie-nos sua sugest\u00e3o de como sua empresa pode auxiliar-nos a atingir nossos objetivos.<\/p>\n<style id=\"wpforms-css-vars-651\">\n\t\t\t\t#wpforms-651 {\n\t\t\t\t\n\t\t\t}\n\t\t\t<\/style><div class=\"wpforms-container wpforms-container-full wpforms-render-modern\" id=\"wpforms-651\"><form id=\"wpforms-form-651\" class=\"wpforms-validate wpforms-form\" data-formid=\"651\" method=\"post\" enctype=\"multipart\/form-data\" action=\"\/home\/wp-json\/wp\/v2\/pages\/296\" data-token=\"afe2cb9e617d003bd5c759711ab20efb\" data-token-time=\"1776182561\"><noscript class=\"wpforms-error-noscript\">Ative o JavaScript no seu navegador para preencher este formul\u00e1rio.<\/noscript><div id=\"wpforms-error-noscript\" style=\"display: none;\">Ative o JavaScript no seu navegador para preencher este formul\u00e1rio.<\/div><div class=\"wpforms-field-container\"><div id=\"wpforms-651-field_1-container\" class=\"wpforms-field wpforms-field-name\" data-field-id=\"1\"><label class=\"wpforms-field-label\" for=\"wpforms-651-field_1\">Empresa <span class=\"wpforms-required-label\" aria-hidden=\"true\">*<\/span><\/label><input type=\"text\" id=\"wpforms-651-field_1\" class=\"wpforms-field-medium wpforms-field-required\" name=\"wpforms[fields][1]\" aria-errormessage=\"wpforms-651-field_1-error\" required><\/div><div id=\"wpforms-651-field_7-container\" class=\"wpforms-field wpforms-field-name\" data-field-id=\"7\"><label class=\"wpforms-field-label\" for=\"wpforms-651-field_7\">Nome do contato: <span class=\"wpforms-required-label\" aria-hidden=\"true\">*<\/span><\/label><input type=\"text\" id=\"wpforms-651-field_7\" class=\"wpforms-field-medium wpforms-field-required\" name=\"wpforms[fields][7]\" aria-errormessage=\"wpforms-651-field_7-error\" required><\/div><div id=\"wpforms-651-field_2-container\" class=\"wpforms-field wpforms-field-email\" data-field-id=\"2\"><label class=\"wpforms-field-label\" for=\"wpforms-651-field_2\">Seu Email <span class=\"wpforms-required-label\" aria-hidden=\"true\">*<\/span><\/label><input type=\"email\" id=\"wpforms-651-field_2\" class=\"wpforms-field-medium wpforms-field-required\" name=\"wpforms[fields][2]\" spellcheck=\"false\" aria-errormessage=\"wpforms-651-field_2-error\" required><\/div><div id=\"wpforms-651-field_5-container\" class=\"wpforms-field wpforms-field-text\" data-field-id=\"5\"><label class=\"wpforms-field-label\" for=\"wpforms-651-field_5\">Seu telefone <\/label><input type=\"text\" id=\"wpforms-651-field_5\" class=\"wpforms-field-small\" name=\"wpforms[fields][5]\" aria-errormessage=\"wpforms-651-field_5-error\" ><\/div><div id=\"wpforms-651-field_6-container\" class=\"wpforms-field wpforms-field-checkbox wpforms-list-inline\" data-field-id=\"6\"><fieldset><legend class=\"wpforms-field-label\"><\/legend><ul id=\"wpforms-651-field_6\"><li class=\"choice-1 depth-1\"><input type=\"checkbox\" id=\"wpforms-651-field_6_1\" name=\"wpforms[fields][6][]\" value=\"WhatsApp\" aria-errormessage=\"wpforms-651-field_6_1-error\"  ><label class=\"wpforms-field-label-inline\" for=\"wpforms-651-field_6_1\">WhatsApp<\/label><\/li><\/ul><\/fieldset><\/div><div id=\"wpforms-651-field_3-container\" class=\"wpforms-field wpforms-field-text\" data-field-id=\"3\"><label class=\"wpforms-field-label\" for=\"wpforms-651-field_3\">Sugest\u00e3o de parceria: <span class=\"wpforms-required-label\" aria-hidden=\"true\">*<\/span><\/label><input type=\"text\" id=\"wpforms-651-field_3\" class=\"wpforms-field-medium wpforms-field-required\" name=\"wpforms[fields][3]\" aria-errormessage=\"wpforms-651-field_3-error\" required><\/div><div id=\"wpforms-651-field_4-container\" class=\"wpforms-field wpforms-field-textarea\" data-field-id=\"4\"><label class=\"wpforms-field-label\" for=\"wpforms-651-field_4\">Detalhe sua sugest\u00e3o: <span class=\"wpforms-required-label\" aria-hidden=\"true\">*<\/span><\/label><textarea id=\"wpforms-651-field_4\" class=\"wpforms-field-medium wpforms-field-required\" name=\"wpforms[fields][4]\" aria-errormessage=\"wpforms-651-field_4-error\" required><\/textarea><\/div><\/div><!-- .wpforms-field-container --><div class=\"wpforms-recaptcha-container wpforms-is-recaptcha wpforms-is-recaptcha-type-invisible\" ><div class=\"g-recaptcha\" data-sitekey=\"AIzaSyAYRJcmxdjawHH9_Uljd8v7-7S-SyvTKVU\" data-size=\"invisible\"><\/div><\/div><div class=\"wpforms-submit-container\" ><input type=\"hidden\" name=\"wpforms[id]\" value=\"651\"><input type=\"hidden\" name=\"page_title\" value=\"\"><input type=\"hidden\" name=\"page_url\" value=\"https:\/\/projetoame.org\/home\/wp-json\/wp\/v2\/pages\/296\"><input type=\"hidden\" name=\"url_referer\" value=\"\"><button type=\"submit\" name=\"wpforms[submit]\" id=\"wpforms-submit-651\" class=\"wpforms-submit\" data-alt-text=\"enviando\" data-submit-text=\"Enviar\" aria-live=\"assertive\" value=\"wpforms-submit\">Enviar<\/button><\/div><\/form><\/div>  <!-- .wpforms-container -->\n","protected":false},"excerpt":{"rendered":"<p>Caso sua empresa queira ajudar nosso Projeto, preencha o formul\u00e1rio abaixo e envie-nos sua sugest\u00e3o de como sua empresa pode auxiliar-nos a atingir nossos objetivos.<\/p>\n","protected":false},"author":1,"featured_media":0,"parent":0,"menu_order":0,"comment_status":"closed","ping_status":"closed","template":"","meta":{"rop_custom_images_group":[],"rop_custom_messages_group":[],"rop_publish_now":"initial","rop_publish_now_accounts":{"facebook_10207864950338537_449425221917109":"","twitter_1016740359999754241_1016740359999754241":""},"rop_publish_now_history":[],"rop_publish_now_status":"pending","_joinchat":[],"footnotes":""},"class_list":["post-296","page","type-page","status-publish","hentry"],"yoast_head":"<!-- This site is optimized with the Yoast SEO plugin v26.0 - https:\/\/yoast.com\/wordpress\/plugins\/seo\/ -->\n<title>Parceria - Projeto A. M. E.<\/title>\n<meta name=\"robots\" content=\"index, follow, max-snippet:-1, max-image-preview:large, max-video-preview:-1\" \/>\n<link rel=\"canonical\" href=\"https:\/\/projetoame.org\/home\/parceria\/\" \/>\n<meta property=\"og:locale\" content=\"pt_BR\" \/>\n<meta property=\"og:type\" content=\"article\" \/>\n<meta property=\"og:title\" content=\"Parceria - Projeto A. M. E.\" \/>\n<meta property=\"og:description\" content=\"Caso sua empresa queira ajudar nosso Projeto, preencha o formul\u00e1rio abaixo e envie-nos sua sugest\u00e3o de como sua empresa pode auxiliar-nos a atingir nossos objetivos.\" \/>\n<meta property=\"og:url\" content=\"https:\/\/projetoame.org\/home\/parceria\/\" \/>\n<meta property=\"og:site_name\" content=\"Projeto A. M. E.\" \/>\n<meta property=\"article:publisher\" content=\"https:\/\/www.facebook.com\/projetoatendentesmuitoespeciais\" \/>\n<meta property=\"article:modified_time\" content=\"2018-11-20T18:11:15+00:00\" \/>\n<meta name=\"twitter:card\" content=\"summary_large_image\" \/>\n<meta name=\"twitter:site\" content=\"@projetoameorg\" \/>\n<script type=\"application\/ld+json\" class=\"yoast-schema-graph\">{\"@context\":\"https:\/\/schema.org\",\"@graph\":[{\"@type\":\"WebPage\",\"@id\":\"https:\/\/projetoame.org\/home\/parceria\/\",\"url\":\"https:\/\/projetoame.org\/home\/parceria\/\",\"name\":\"Parceria - Projeto A. M. E.\",\"isPartOf\":{\"@id\":\"https:\/\/projetoame.org\/home\/#website\"},\"datePublished\":\"2016-09-28T00:59:10+00:00\",\"dateModified\":\"2018-11-20T18:11:15+00:00\",\"breadcrumb\":{\"@id\":\"https:\/\/projetoame.org\/home\/parceria\/#breadcrumb\"},\"inLanguage\":\"pt-BR\",\"potentialAction\":[{\"@type\":\"ReadAction\",\"target\":[\"https:\/\/projetoame.org\/home\/parceria\/\"]}]},{\"@type\":\"BreadcrumbList\",\"@id\":\"https:\/\/projetoame.org\/home\/parceria\/#breadcrumb\",\"itemListElement\":[{\"@type\":\"ListItem\",\"position\":1,\"name\":\"In\u00edcio\",\"item\":\"https:\/\/projetoame.org\/home\/\"},{\"@type\":\"ListItem\",\"position\":2,\"name\":\"Parceria\"}]},{\"@type\":\"WebSite\",\"@id\":\"https:\/\/projetoame.org\/home\/#website\",\"url\":\"https:\/\/projetoame.org\/home\/\",\"name\":\"Projeto A. M. E.\",\"description\":\"Inclus\u00e3o social atrav\u00e9s da capacita\u00e7\u00e3o para o trabalho\",\"publisher\":{\"@id\":\"https:\/\/projetoame.org\/home\/#organization\"},\"potentialAction\":[{\"@type\":\"SearchAction\",\"target\":{\"@type\":\"EntryPoint\",\"urlTemplate\":\"https:\/\/projetoame.org\/home\/?s={search_term_string}\"},\"query-input\":{\"@type\":\"PropertyValueSpecification\",\"valueRequired\":true,\"valueName\":\"search_term_string\"}}],\"inLanguage\":\"pt-BR\"},{\"@type\":\"Organization\",\"@id\":\"https:\/\/projetoame.org\/home\/#organization\",\"name\":\"Projeto A. M. E.\",\"url\":\"https:\/\/projetoame.org\/home\/\",\"logo\":{\"@type\":\"ImageObject\",\"inLanguage\":\"pt-BR\",\"@id\":\"https:\/\/projetoame.org\/home\/#\/schema\/logo\/image\/\",\"url\":\"https:\/\/projetoame.org\/home\/wp-content\/uploads\/2022\/05\/cropped-logoAME160-marca.png\",\"contentUrl\":\"https:\/\/projetoame.org\/home\/wp-content\/uploads\/2022\/05\/cropped-logoAME160-marca.png\",\"width\":162,\"height\":50,\"caption\":\"Projeto A. M. E.\"},\"image\":{\"@id\":\"https:\/\/projetoame.org\/home\/#\/schema\/logo\/image\/\"},\"sameAs\":[\"https:\/\/www.facebook.com\/projetoatendentesmuitoespeciais\",\"https:\/\/x.com\/projetoameorg\"]}]}<\/script>\n<!-- \/ Yoast SEO plugin. -->","yoast_head_json":{"title":"Parceria - Projeto A. M. E.","robots":{"index":"index","follow":"follow","max-snippet":"max-snippet:-1","max-image-preview":"max-image-preview:large","max-video-preview":"max-video-preview:-1"},"canonical":"https:\/\/projetoame.org\/home\/parceria\/","og_locale":"pt_BR","og_type":"article","og_title":"Parceria - Projeto A. M. E.","og_description":"Caso sua empresa queira ajudar nosso Projeto, preencha o formul\u00e1rio abaixo e envie-nos sua sugest\u00e3o de como sua empresa pode auxiliar-nos a atingir nossos objetivos.","og_url":"https:\/\/projetoame.org\/home\/parceria\/","og_site_name":"Projeto A. M. E.","article_publisher":"https:\/\/www.facebook.com\/projetoatendentesmuitoespeciais","article_modified_time":"2018-11-20T18:11:15+00:00","twitter_card":"summary_large_image","twitter_site":"@projetoameorg","schema":{"@context":"https:\/\/schema.org","@graph":[{"@type":"WebPage","@id":"https:\/\/projetoame.org\/home\/parceria\/","url":"https:\/\/projetoame.org\/home\/parceria\/","name":"Parceria - Projeto A. M. E.","isPartOf":{"@id":"https:\/\/projetoame.org\/home\/#website"},"datePublished":"2016-09-28T00:59:10+00:00","dateModified":"2018-11-20T18:11:15+00:00","breadcrumb":{"@id":"https:\/\/projetoame.org\/home\/parceria\/#breadcrumb"},"inLanguage":"pt-BR","potentialAction":[{"@type":"ReadAction","target":["https:\/\/projetoame.org\/home\/parceria\/"]}]},{"@type":"BreadcrumbList","@id":"https:\/\/projetoame.org\/home\/parceria\/#breadcrumb","itemListElement":[{"@type":"ListItem","position":1,"name":"In\u00edcio","item":"https:\/\/projetoame.org\/home\/"},{"@type":"ListItem","position":2,"name":"Parceria"}]},{"@type":"WebSite","@id":"https:\/\/projetoame.org\/home\/#website","url":"https:\/\/projetoame.org\/home\/","name":"Projeto A. M. E.","description":"Inclus\u00e3o social atrav\u00e9s da capacita\u00e7\u00e3o para o trabalho","publisher":{"@id":"https:\/\/projetoame.org\/home\/#organization"},"potentialAction":[{"@type":"SearchAction","target":{"@type":"EntryPoint","urlTemplate":"https:\/\/projetoame.org\/home\/?s={search_term_string}"},"query-input":{"@type":"PropertyValueSpecification","valueRequired":true,"valueName":"search_term_string"}}],"inLanguage":"pt-BR"},{"@type":"Organization","@id":"https:\/\/projetoame.org\/home\/#organization","name":"Projeto A. M. E.","url":"https:\/\/projetoame.org\/home\/","logo":{"@type":"ImageObject","inLanguage":"pt-BR","@id":"https:\/\/projetoame.org\/home\/#\/schema\/logo\/image\/","url":"https:\/\/projetoame.org\/home\/wp-content\/uploads\/2022\/05\/cropped-logoAME160-marca.png","contentUrl":"https:\/\/projetoame.org\/home\/wp-content\/uploads\/2022\/05\/cropped-logoAME160-marca.png","width":162,"height":50,"caption":"Projeto A. M. E."},"image":{"@id":"https:\/\/projetoame.org\/home\/#\/schema\/logo\/image\/"},"sameAs":["https:\/\/www.facebook.com\/projetoatendentesmuitoespeciais","https:\/\/x.com\/projetoameorg"]}]}},"_links":{"self":[{"href":"https:\/\/projetoame.org\/home\/wp-json\/wp\/v2\/pages\/296","targetHints":{"allow":["GET"]}}],"collection":[{"href":"https:\/\/projetoame.org\/home\/wp-json\/wp\/v2\/pages"}],"about":[{"href":"https:\/\/projetoame.org\/home\/wp-json\/wp\/v2\/types\/page"}],"author":[{"embeddable":true,"href":"https:\/\/projetoame.org\/home\/wp-json\/wp\/v2\/users\/1"}],"replies":[{"embeddable":true,"href":"https:\/\/projetoame.org\/home\/wp-json\/wp\/v2\/comments?post=296"}],"version-history":[{"count":1,"href":"https:\/\/projetoame.org\/home\/wp-json\/wp\/v2\/pages\/296\/revisions"}],"predecessor-version":[{"id":652,"href":"https:\/\/projetoame.org\/home\/wp-json\/wp\/v2\/pages\/296\/revisions\/652"}],"wp:attachment":[{"href":"https:\/\/projetoame.org\/home\/wp-json\/wp\/v2\/media?parent=296"}],"curies":[{"name":"wp","href":"https:\/\/api.w.org\/{rel}","templated":true}]}}