{"id":3,"date":"2018-05-28T18:56:36","date_gmt":"2018-05-28T18:56:36","guid":{"rendered":"https:\/\/projetoame.org\/?page_id=3"},"modified":"2019-04-04T15:44:49","modified_gmt":"2019-04-04T18:44:49","slug":"privacidade","status":"publish","type":"page","link":"https:\/\/projetoame.org\/home\/privacidade\/","title":{"rendered":"Pol\u00edtica de privacidade"},"content":{"rendered":"<h2>Quem somos n\u00f3s<\/h2>\n<p>O endere\u00e7o de nosso site \u00e9: https:\/\/projetoame.org\/home.<\/p>\n<h2>Quais dados pessoais n\u00f3s coletamos e porqu\u00ea?<\/h2>\n<h3>coment\u00e1rios<\/h3>\n<p>Quando visitantes deixam coment\u00e1rios em nosso site, coletamos os dados mostrados no formul\u00e1rio, al\u00e9m do IP do visitante assim como o tipo de navegador utilizado. Isso \u00e9 feito para nos ajudar a evitar spam.<\/p>\n<p>Uma sequencia an\u00f4nima (tamb\u00e9m chamada hash) \u00e9 criada a partir de seu email e enviada para o servi\u00e7o Gravatar para ver se voc\u00ea o est\u00e1 usando.\u00a0 As pol\u00edticas de privacidade do servi\u00e7o Gravatar pode ser consultada aqui:\u00a0 <a href=\"https:\/\/automattic.com\/privacy\/\" target=\"_blank\" rel=\"nofollow\">https:\/\/automattic.com\/privacy\/<\/a>. Ap\u00f3s seu coment\u00e1rio ser aprovado, sua imagem de perfil estar\u00e1 vis\u00edvel ao p\u00fablico no contexto do seu coment\u00e1rio.<\/p>\n<h3>M\u00eddia<\/h3>\n<p>Se voc\u00ea enviar imagens para o nosso site, evite enviar imagens que contenham informa\u00e7\u00f5es de geolocaliza\u00e7\u00e3o embutidas (EXIF GPS). Isso pode permitir que outros visitantes baixem as imagens e extraiam essas informa\u00e7\u00f5es.<\/p>\n<h3>Formul\u00e1rios de contato e inscri\u00e7\u00e3o<\/h3>\n<h3>Cookies<\/h3>\n<p>If you leave a comment on our site you may opt-in to saving your name, email address and website in cookies. These are for your convenience so that you do not have to fill in your details again when you leave another comment. These cookies will last for one year.<\/p>\n<p>If you have an account and you log in to this site, we will set a temporary cookie to determine if your browser accepts cookies. This cookie contains no personal data and is discarded when you close your browser.<\/p>\n<p>When you log in, we will also set up several cookies to save your login information and your screen display choices. Login cookies last for two days, and screen options cookies last for a year. If you select &#8220;Remember Me&#8221;, your login will persist for two weeks. If you log out of your account, the login cookies will be removed.<\/p>\n<p>If you edit or publish an article, an additional cookie will be saved in your browser. This cookie includes no personal data and simply indicates the post ID of the article you just edited. It expires after 1 day.<\/p>\n<h3>Embedded content from other websites<\/h3>\n<p>Articles on this site may include embedded content (e.g. videos, images, articles, etc.). Embedded content from other websites behaves in the exact same way as if the visitor has visited the other website.<\/p>\n<p>These websites may collect data about you, use cookies, embed additional third-party tracking, and monitor your interaction with that embedded content, including tracing your interaction with the embedded content if you have an account and are logged in to that website.<\/p>\n<h3>An\u00e1lise dos dados<\/h3>\n<h2>Com quem n\u00f3s compartilhamos essa informa\u00e7\u00e3o<\/h2>\n<h2>Por quanto tempo retemos seus dados<\/h2>\n<p>If you leave a comment, the comment and its metadata are retained indefinitely. This is so we can recognize and approve any follow-up comments automatically instead of holding them in a moderation queue.<\/p>\n<p>For users that register on our website (if any), we also store the personal information they provide in their user profile. All users can see, edit, or delete their personal information at any time (except they cannot change their username). Website administrators can also see and edit that information.<\/p>\n<h2>What rights you have over your data<\/h2>\n<p>If you have an account on this site, or have left comments, you can request to receive an exported file of the personal data we hold about you, including any data you have provided to us. You can also request that we erase any personal data we hold about you. This does not include any data we are obliged to keep for administrative, legal, or security purposes.<\/p>\n<h2>Where we send your data<\/h2>\n<p>Visitor comments may be checked through an automated spam detection service.<\/p>\n<h2>Your contact information<\/h2>\n<h2>Additional information<\/h2>\n<h3>How we protect your data<\/h3>\n<h3>What data breach procedures we have in place<\/h3>\n<h3>What third parties we receive data from<\/h3>\n<h3>What automated decision making and\/or profiling we do with user data<\/h3>\n<h3>Industry regulatory disclosure requirements<\/h3>\n","protected":false},"excerpt":{"rendered":"<p>Quem somos n\u00f3s O endere\u00e7o de nosso site \u00e9: https:\/\/projetoame.org\/home. Quais dados pessoais n\u00f3s coletamos e porqu\u00ea? coment\u00e1rios Quando visitantes deixam coment\u00e1rios em nosso site, coletamos os dados mostrados no formul\u00e1rio, al\u00e9m do IP do visitante assim como o tipo de navegador utilizado. Isso \u00e9 feito para nos ajudar a evitar spam. Uma sequencia an\u00f4nima&hellip;<\/p>\n","protected":false},"author":1,"featured_media":0,"parent":0,"menu_order":0,"comment_status":"closed","ping_status":"open","template":"","meta":{"rop_custom_images_group":[],"rop_custom_messages_group":[],"rop_publish_now":"initial","rop_publish_now_accounts":{"facebook_10207864950338537_449425221917109":"","twitter_1016740359999754241_1016740359999754241":""},"rop_publish_now_history":[],"rop_publish_now_status":"pending","_joinchat":[],"footnotes":""},"class_list":["post-3","page","type-page","status-publish","hentry"],"yoast_head":"<!-- This site is optimized with the Yoast SEO plugin v26.0 - https:\/\/yoast.com\/wordpress\/plugins\/seo\/ -->\n<title>Pol\u00edtica de privacidade - Projeto A. M. E.<\/title>\n<meta name=\"robots\" content=\"index, follow, max-snippet:-1, max-image-preview:large, max-video-preview:-1\" \/>\n<link rel=\"canonical\" href=\"https:\/\/projetoame.org\/home\/privacidade\/\" \/>\n<meta property=\"og:locale\" content=\"pt_BR\" \/>\n<meta property=\"og:type\" content=\"article\" \/>\n<meta property=\"og:title\" content=\"Pol\u00edtica de privacidade - Projeto A. M. E.\" \/>\n<meta property=\"og:description\" content=\"Quem somos n\u00f3s O endere\u00e7o de nosso site \u00e9: https:\/\/projetoame.org\/home. Quais dados pessoais n\u00f3s coletamos e porqu\u00ea? coment\u00e1rios Quando visitantes deixam coment\u00e1rios em nosso site, coletamos os dados mostrados no formul\u00e1rio, al\u00e9m do IP do visitante assim como o tipo de navegador utilizado. Isso \u00e9 feito para nos ajudar a evitar spam. Uma sequencia an\u00f4nima&hellip;\" \/>\n<meta property=\"og:url\" content=\"https:\/\/projetoame.org\/home\/privacidade\/\" \/>\n<meta property=\"og:site_name\" content=\"Projeto A. M. E.\" \/>\n<meta property=\"article:publisher\" content=\"https:\/\/www.facebook.com\/projetoatendentesmuitoespeciais\" \/>\n<meta property=\"article:modified_time\" content=\"2019-04-04T18:44:49+00:00\" \/>\n<meta name=\"twitter:card\" content=\"summary_large_image\" \/>\n<meta name=\"twitter:site\" content=\"@projetoameorg\" \/>\n<meta name=\"twitter:label1\" content=\"Est. tempo de leitura\" \/>\n\t<meta name=\"twitter:data1\" content=\"3 minutos\" \/>\n<script type=\"application\/ld+json\" class=\"yoast-schema-graph\">{\"@context\":\"https:\/\/schema.org\",\"@graph\":[{\"@type\":\"WebPage\",\"@id\":\"https:\/\/projetoame.org\/home\/privacidade\/\",\"url\":\"https:\/\/projetoame.org\/home\/privacidade\/\",\"name\":\"Pol\u00edtica de privacidade - Projeto A. M. E.\",\"isPartOf\":{\"@id\":\"https:\/\/projetoame.org\/home\/#website\"},\"datePublished\":\"2018-05-28T18:56:36+00:00\",\"dateModified\":\"2019-04-04T18:44:49+00:00\",\"breadcrumb\":{\"@id\":\"https:\/\/projetoame.org\/home\/privacidade\/#breadcrumb\"},\"inLanguage\":\"pt-BR\",\"potentialAction\":[{\"@type\":\"ReadAction\",\"target\":[\"https:\/\/projetoame.org\/home\/privacidade\/\"]}]},{\"@type\":\"BreadcrumbList\",\"@id\":\"https:\/\/projetoame.org\/home\/privacidade\/#breadcrumb\",\"itemListElement\":[{\"@type\":\"ListItem\",\"position\":1,\"name\":\"In\u00edcio\",\"item\":\"https:\/\/projetoame.org\/home\/\"},{\"@type\":\"ListItem\",\"position\":2,\"name\":\"Pol\u00edtica de privacidade\"}]},{\"@type\":\"WebSite\",\"@id\":\"https:\/\/projetoame.org\/home\/#website\",\"url\":\"https:\/\/projetoame.org\/home\/\",\"name\":\"Projeto A. M. E.\",\"description\":\"Inclus\u00e3o social atrav\u00e9s da capacita\u00e7\u00e3o para o trabalho\",\"publisher\":{\"@id\":\"https:\/\/projetoame.org\/home\/#organization\"},\"potentialAction\":[{\"@type\":\"SearchAction\",\"target\":{\"@type\":\"EntryPoint\",\"urlTemplate\":\"https:\/\/projetoame.org\/home\/?s={search_term_string}\"},\"query-input\":{\"@type\":\"PropertyValueSpecification\",\"valueRequired\":true,\"valueName\":\"search_term_string\"}}],\"inLanguage\":\"pt-BR\"},{\"@type\":\"Organization\",\"@id\":\"https:\/\/projetoame.org\/home\/#organization\",\"name\":\"Projeto A. M. E.\",\"url\":\"https:\/\/projetoame.org\/home\/\",\"logo\":{\"@type\":\"ImageObject\",\"inLanguage\":\"pt-BR\",\"@id\":\"https:\/\/projetoame.org\/home\/#\/schema\/logo\/image\/\",\"url\":\"https:\/\/projetoame.org\/home\/wp-content\/uploads\/2022\/05\/cropped-logoAME160-marca.png\",\"contentUrl\":\"https:\/\/projetoame.org\/home\/wp-content\/uploads\/2022\/05\/cropped-logoAME160-marca.png\",\"width\":162,\"height\":50,\"caption\":\"Projeto A. M. E.\"},\"image\":{\"@id\":\"https:\/\/projetoame.org\/home\/#\/schema\/logo\/image\/\"},\"sameAs\":[\"https:\/\/www.facebook.com\/projetoatendentesmuitoespeciais\",\"https:\/\/x.com\/projetoameorg\"]}]}<\/script>\n<!-- \/ Yoast SEO plugin. -->","yoast_head_json":{"title":"Pol\u00edtica de privacidade - Projeto A. M. E.","robots":{"index":"index","follow":"follow","max-snippet":"max-snippet:-1","max-image-preview":"max-image-preview:large","max-video-preview":"max-video-preview:-1"},"canonical":"https:\/\/projetoame.org\/home\/privacidade\/","og_locale":"pt_BR","og_type":"article","og_title":"Pol\u00edtica de privacidade - Projeto A. M. E.","og_description":"Quem somos n\u00f3s O endere\u00e7o de nosso site \u00e9: https:\/\/projetoame.org\/home. Quais dados pessoais n\u00f3s coletamos e porqu\u00ea? coment\u00e1rios Quando visitantes deixam coment\u00e1rios em nosso site, coletamos os dados mostrados no formul\u00e1rio, al\u00e9m do IP do visitante assim como o tipo de navegador utilizado. Isso \u00e9 feito para nos ajudar a evitar spam. Uma sequencia an\u00f4nima&hellip;","og_url":"https:\/\/projetoame.org\/home\/privacidade\/","og_site_name":"Projeto A. M. E.","article_publisher":"https:\/\/www.facebook.com\/projetoatendentesmuitoespeciais","article_modified_time":"2019-04-04T18:44:49+00:00","twitter_card":"summary_large_image","twitter_site":"@projetoameorg","twitter_misc":{"Est. tempo de leitura":"3 minutos"},"schema":{"@context":"https:\/\/schema.org","@graph":[{"@type":"WebPage","@id":"https:\/\/projetoame.org\/home\/privacidade\/","url":"https:\/\/projetoame.org\/home\/privacidade\/","name":"Pol\u00edtica de privacidade - Projeto A. M. E.","isPartOf":{"@id":"https:\/\/projetoame.org\/home\/#website"},"datePublished":"2018-05-28T18:56:36+00:00","dateModified":"2019-04-04T18:44:49+00:00","breadcrumb":{"@id":"https:\/\/projetoame.org\/home\/privacidade\/#breadcrumb"},"inLanguage":"pt-BR","potentialAction":[{"@type":"ReadAction","target":["https:\/\/projetoame.org\/home\/privacidade\/"]}]},{"@type":"BreadcrumbList","@id":"https:\/\/projetoame.org\/home\/privacidade\/#breadcrumb","itemListElement":[{"@type":"ListItem","position":1,"name":"In\u00edcio","item":"https:\/\/projetoame.org\/home\/"},{"@type":"ListItem","position":2,"name":"Pol\u00edtica de privacidade"}]},{"@type":"WebSite","@id":"https:\/\/projetoame.org\/home\/#website","url":"https:\/\/projetoame.org\/home\/","name":"Projeto A. M. E.","description":"Inclus\u00e3o social atrav\u00e9s da capacita\u00e7\u00e3o para o trabalho","publisher":{"@id":"https:\/\/projetoame.org\/home\/#organization"},"potentialAction":[{"@type":"SearchAction","target":{"@type":"EntryPoint","urlTemplate":"https:\/\/projetoame.org\/home\/?s={search_term_string}"},"query-input":{"@type":"PropertyValueSpecification","valueRequired":true,"valueName":"search_term_string"}}],"inLanguage":"pt-BR"},{"@type":"Organization","@id":"https:\/\/projetoame.org\/home\/#organization","name":"Projeto A. M. E.","url":"https:\/\/projetoame.org\/home\/","logo":{"@type":"ImageObject","inLanguage":"pt-BR","@id":"https:\/\/projetoame.org\/home\/#\/schema\/logo\/image\/","url":"https:\/\/projetoame.org\/home\/wp-content\/uploads\/2022\/05\/cropped-logoAME160-marca.png","contentUrl":"https:\/\/projetoame.org\/home\/wp-content\/uploads\/2022\/05\/cropped-logoAME160-marca.png","width":162,"height":50,"caption":"Projeto A. M. E."},"image":{"@id":"https:\/\/projetoame.org\/home\/#\/schema\/logo\/image\/"},"sameAs":["https:\/\/www.facebook.com\/projetoatendentesmuitoespeciais","https:\/\/x.com\/projetoameorg"]}]}},"_links":{"self":[{"href":"https:\/\/projetoame.org\/home\/wp-json\/wp\/v2\/pages\/3","targetHints":{"allow":["GET"]}}],"collection":[{"href":"https:\/\/projetoame.org\/home\/wp-json\/wp\/v2\/pages"}],"about":[{"href":"https:\/\/projetoame.org\/home\/wp-json\/wp\/v2\/types\/page"}],"author":[{"embeddable":true,"href":"https:\/\/projetoame.org\/home\/wp-json\/wp\/v2\/users\/1"}],"replies":[{"embeddable":true,"href":"https:\/\/projetoame.org\/home\/wp-json\/wp\/v2\/comments?post=3"}],"version-history":[{"count":2,"href":"https:\/\/projetoame.org\/home\/wp-json\/wp\/v2\/pages\/3\/revisions"}],"predecessor-version":[{"id":1003,"href":"https:\/\/projetoame.org\/home\/wp-json\/wp\/v2\/pages\/3\/revisions\/1003"}],"wp:attachment":[{"href":"https:\/\/projetoame.org\/home\/wp-json\/wp\/v2\/media?parent=3"}],"curies":[{"name":"wp","href":"https:\/\/api.w.org\/{rel}","templated":true}]}}